{"id":12,"date":"2025-06-01T17:12:22","date_gmt":"2025-06-01T15:12:22","guid":{"rendered":"https:\/\/www.toopautoprikolice.com\/?page_id=12"},"modified":"2025-06-02T21:40:36","modified_gmt":"2025-06-02T19:40:36","slug":"naslovnica","status":"publish","type":"page","link":"https:\/\/www.toopautoprikolice.com\/","title":{"rendered":"Naslovnica"},"content":{"rendered":"<div id=\"tdi_1\" class=\"tdc-zone\"><div class=\"tdc_zone tdi_2  wpb_row td-pb-row\"  >\n<style scoped>\n\/* custom css - generated by TagDiv Composer *\/\n\n\/* custom css - generated by TagDiv Composer *\/\n.tdi_2{\r\n                    min-height: 0;\r\n                }\n<\/style><div id=\"tdi_3\" class=\"tdc-row stretch_row_1400 td-stretch-content\"><div class=\"vc_row tdi_4  wpb_row td-pb-row\" >\n<style scoped>\n\/* custom css - generated by TagDiv Composer *\/\n\n\/* custom css - generated by TagDiv Composer *\/\n.tdi_4,\r\n                .tdi_4 .tdc-columns{\r\n                    min-height: 0;\r\n                }.tdi_4,\r\n\t\t\t\t.tdi_4 .tdc-columns{\r\n\t\t\t\t    display: block;\r\n\t\t\t\t}.tdi_4 .tdc-columns{\r\n\t\t\t\t    width: 100%;\r\n\t\t\t\t}.tdi_4:before,\r\n\t\t\t\t.tdi_4:after{\r\n\t\t\t\t    display: table;\r\n\t\t\t\t}\n<\/style><div class=\"vc_column tdi_6  wpb_column vc_column_container tdc-column td-pb-span12\">\n<style scoped>\n\/* custom css - generated by TagDiv Composer *\/\n\n\/* custom css - generated by TagDiv Composer *\/\n.tdi_6{\r\n                    vertical-align: baseline;\r\n                }.tdi_6 > .wpb_wrapper,\r\n\t\t\t\t.tdi_6 > .wpb_wrapper > .tdc-elements{\r\n\t\t\t\t    display: block;\r\n\t\t\t\t}.tdi_6 > .wpb_wrapper > .tdc-elements{\r\n\t\t\t\t    width: 100%;\r\n\t\t\t\t}.tdi_6 > .wpb_wrapper > .vc_row_inner{\r\n\t\t\t\t    width: auto;\r\n\t\t\t\t}.tdi_6 > .wpb_wrapper{\r\n\t\t\t\t    width: auto;\r\n\t\t\t\t    height: auto;\r\n\t\t\t\t}\n<\/style><div class=\"wpb_wrapper\" ><div class=\"td_block_wrap tdm_block_inline_image_simplified tdi_7 td-animation-stack td-pb-border-top td_block_template_1\"  data-td-block-uid=\"tdi_7\" >\n<style>\n\n\/* inline tdc_css att - generated by TagDiv Composer *\/\n\n.tdi_7{\npadding-bottom:50px !important;\n}\n\n<\/style>\n<style>\n\/* custom css - generated by TagDiv Composer *\/\n.tdm_block_inline_image_simplified{\r\n                    display: inline-flex;\r\n                    flex-direction: column;\r\n                    align-items: flex-start;\r\n                    position: relative;\r\n                    margin-bottom: 0;\r\n                }.tdm_block_inline_image_simplified > .td-element-style{\r\n                    z-index: -1;\r\n                }.tdm_block_inline_image_simplified .tdm-ii-wrap{\r\n                    position: relative;\r\n                    max-width: 100%;\r\n                }.tdm_block_inline_image_simplified .tdm-ii-wrap:before,\r\n                .tdm_block_inline_image_simplified .tdm-ii-wrap:after{\r\n                    position: absolute;\r\n                    top: 0;\r\n                    left: 0;\r\n                    width: 100%;\r\n                    height: 100%;\r\n                    transition: opacity 1s ease;\r\n                    z-index: 1;\r\n                }.tdm_block_inline_image_simplified img{\r\n                    display: block;\r\n                    width: 100%;\r\n                    border: 0 solid #000;\r\n                    transition: all 1s ease;\r\n                }.tdi_7{\r\n\t\t\t\t    display: flex;\r\n\t\t\t\t\r\n\t\t\t\t    align-items: center;\r\n\t\t\t\t}\n<\/style><div class=\"tdm-ii-wrap \"><img loading=\"lazy\" decoding=\"async\" class=\"td-lazy-img\" src=\"https:\/\/www.toopautoprikolice.com\/wp-content\/uploads\/2025\/06\/toop_544px.png\" data-type=\"image_tag\" data-img-url=\"https:\/\/www.toopautoprikolice.com\/wp-content\/uploads\/2025\/06\/toop_544px.png\" title=\"toop_544px\" width=\"544\" height=\"180\" alt=\"\"><\/div><\/div><\/div><\/div><\/div><\/div><div id=\"tdi_8\" class=\"tdc-row stretch_row_1400 td-stretch-content\"><div class=\"vc_row tdi_9  wpb_row td-pb-row\" >\n<style scoped>\n\/* custom css - generated by TagDiv Composer *\/\n\n\/* custom css - generated by TagDiv Composer *\/\n.tdi_9,\r\n                .tdi_9 .tdc-columns{\r\n                    min-height: 0;\r\n                }.tdi_9,\r\n\t\t\t\t.tdi_9 .tdc-columns{\r\n\t\t\t\t    display: block;\r\n\t\t\t\t}.tdi_9 .tdc-columns{\r\n\t\t\t\t    width: 100%;\r\n\t\t\t\t}.tdi_9:before,\r\n\t\t\t\t.tdi_9:after{\r\n\t\t\t\t    display: table;\r\n\t\t\t\t}\n<\/style><div class=\"vc_column tdi_11  wpb_column vc_column_container tdc-column td-pb-span12\">\n<style scoped>\n\/* custom css - generated by TagDiv Composer *\/\n\n\/* custom css - generated by TagDiv Composer *\/\n.tdi_11{\r\n                    vertical-align: baseline;\r\n                }.tdi_11 > .wpb_wrapper,\r\n\t\t\t\t.tdi_11 > .wpb_wrapper > .tdc-elements{\r\n\t\t\t\t    display: block;\r\n\t\t\t\t}.tdi_11 > .wpb_wrapper > .tdc-elements{\r\n\t\t\t\t    width: 100%;\r\n\t\t\t\t}.tdi_11 > .wpb_wrapper > .vc_row_inner{\r\n\t\t\t\t    width: auto;\r\n\t\t\t\t}.tdi_11 > .wpb_wrapper{\r\n\t\t\t\t    width: auto;\r\n\t\t\t\t    height: auto;\r\n\t\t\t\t}\n<\/style><div class=\"wpb_wrapper\" ><div class=\"td_block_wrap td_block_text_with_title tdi_12 tagdiv-type td-pb-border-top td_block_template_1\"  data-td-block-uid=\"tdi_12\" >\n<style>\n\/* custom css - generated by TagDiv Composer *\/\n.td_block_text_with_title{\r\n                  margin-bottom: 44px;\r\n                  -webkit-transform: translateZ(0);\r\n                  transform: translateZ(0);\r\n                }.td_block_text_with_title p:last-child{\r\n                  margin-bottom: 0;\r\n                }.tdi_12,\r\n                .tdi_12 p{\r\n\t\t\t        font-family:Jost !important;font-size:24px !important;line-height:1.5 !important;\r\n\t\t        }\n<\/style><div class=\"td-block-title-wrap\"><\/div><div class=\"td_mod_wrap td-fix-index\"><p style=\"text-align: center;\">Kontaktirajte nas: Stjepana Radi\u0107a 72, Virovitica | 099 786 0298 | toopautoprikolice@gmail.com<\/p>\n<\/div><\/div><\/div><\/div><\/div><\/div><div id=\"tdi_13\" class=\"tdc-row stretch_row_1400 td-stretch-content\"><div class=\"vc_row tdi_14  wpb_row td-pb-row\" >\n<style scoped>\n\/* custom css - generated by TagDiv Composer *\/\n\n\/* custom css - generated by TagDiv Composer *\/\n.tdi_14,\r\n                .tdi_14 .tdc-columns{\r\n                    min-height: 0;\r\n                }.tdi_14,\r\n\t\t\t\t.tdi_14 .tdc-columns{\r\n\t\t\t\t    display: block;\r\n\t\t\t\t}.tdi_14 .tdc-columns{\r\n\t\t\t\t    width: 100%;\r\n\t\t\t\t}.tdi_14:before,\r\n\t\t\t\t.tdi_14:after{\r\n\t\t\t\t    display: table;\r\n\t\t\t\t}\n<\/style><div class=\"vc_column tdi_16  wpb_column vc_column_container tdc-column td-pb-span12\">\n<style scoped>\n\/* custom css - generated by TagDiv Composer *\/\n\n\/* custom css - generated by TagDiv Composer *\/\n.tdi_16{\r\n                    vertical-align: baseline;\r\n                }.tdi_16 > .wpb_wrapper,\r\n\t\t\t\t.tdi_16 > .wpb_wrapper > .tdc-elements{\r\n\t\t\t\t    display: block;\r\n\t\t\t\t}.tdi_16 > .wpb_wrapper > .tdc-elements{\r\n\t\t\t\t    width: 100%;\r\n\t\t\t\t}.tdi_16 > .wpb_wrapper > .vc_row_inner{\r\n\t\t\t\t    width: auto;\r\n\t\t\t\t}.tdi_16 > .wpb_wrapper{\r\n\t\t\t\t    width: auto;\r\n\t\t\t\t    height: auto;\r\n\t\t\t\t}\n<\/style><div class=\"wpb_wrapper\" ><div class=\"td_block_wrap td_block_text_with_title tdi_17 tagdiv-type td-pb-border-top td_block_template_1\"  data-td-block-uid=\"tdi_17\" >\n<style>\n\/* custom css - generated by TagDiv Composer *\/\n.tdi_17,\r\n                .tdi_17 p{\r\n\t\t\t        font-family:Jost !important;font-size:24px !important;line-height:1.5 !important;\r\n\t\t        }\n<\/style><div class=\"td-block-title-wrap\"><\/div><div class=\"td_mod_wrap td-fix-index\"><p style=\"text-align: center;\">Nudimo prodaju i najam lakih auto prikolica nosivosti do 750kg. U ponudi su prikolice za prijevoz raznih tereta. Izdvajamo prikolice kiper, prikolice sa stranicama, ceradom te prikolice za prijevoz motocikala.<\/p>\n<\/div><\/div><\/div><\/div><\/div><\/div><div id=\"tdi_18\" class=\"tdc-row stretch_row_1800 td-stretch-content\"><div class=\"vc_row tdi_19  wpb_row td-pb-row\" >\n<style scoped>\n\/* custom css - generated by TagDiv Composer *\/\n\n\/* custom css - generated by TagDiv Composer *\/\n.tdi_19,\r\n                .tdi_19 .tdc-columns{\r\n                    min-height: 0;\r\n                }.tdi_19,\r\n\t\t\t\t.tdi_19 .tdc-columns{\r\n\t\t\t\t    display: block;\r\n\t\t\t\t}.tdi_19 .tdc-columns{\r\n\t\t\t\t    width: 100%;\r\n\t\t\t\t}.tdi_19:before,\r\n\t\t\t\t.tdi_19:after{\r\n\t\t\t\t    display: table;\r\n\t\t\t\t}\n\/* inline tdc_css att - generated by TagDiv Composer *\/\n\n.tdi_19{\nmargin-bottom:50px !important;\n}\n\n.tdi_19 .td_block_wrap{ text-align:left }\n\n<\/style><div class=\"vc_column tdi_21  wpb_column vc_column_container tdc-column td-pb-span4\">\n<style scoped>\n\/* custom css - generated by TagDiv Composer *\/\n\n\/* custom css - generated by TagDiv Composer *\/\n.tdi_21{\r\n                    vertical-align: baseline;\r\n                }.tdi_21 > .wpb_wrapper,\r\n\t\t\t\t.tdi_21 > .wpb_wrapper > .tdc-elements{\r\n\t\t\t\t    display: block;\r\n\t\t\t\t}.tdi_21 > .wpb_wrapper > .tdc-elements{\r\n\t\t\t\t    width: 100%;\r\n\t\t\t\t}.tdi_21 > .wpb_wrapper > .vc_row_inner{\r\n\t\t\t\t    width: auto;\r\n\t\t\t\t}.tdi_21 > .wpb_wrapper{\r\n\t\t\t\t    width: auto;\r\n\t\t\t\t    height: auto;\r\n\t\t\t\t}\n<\/style><div class=\"wpb_wrapper\" ><a class=\"td_block_wrap tdm_block_inline_image_simplified tdi_22 td-animation-stack td-pb-border-top td_block_template_1\"  data-td-block-uid=\"tdi_22\" href=\"https:\/\/www.toopautoprikolice.com\/wp-content\/uploads\/2025\/06\/20250423_123609.jpg\">\n<style>\n\n\/* inline tdc_css att - generated by TagDiv Composer *\/\n\n.tdi_22{\nmargin-bottom:50px !important;\n}\n\n<\/style>\n<style>\n\/* custom css - generated by TagDiv Composer *\/\n.tdi_22 .tdm-ii-wrap{\r\n\t\t\t\t    width: 565px;\r\n\t\t\t\t}.tdi_22 .tdm-ii-caption{\r\n\t\t\t\t    width: @caption_width !important;\r\n\t\t\t\t}.tdi_22 img,\r\n\t\t\t\t.tdi_22 .tdm-ii-wrap:before,\r\n\t\t\t\t.tdi_22 .tdm-ii-wrap:after{\r\n\t\t\t\t    border-radius: 10px;\r\n\t\t\t\t}\n<\/style><div class=\"tdm-ii-wrap td-modal-image\"><img loading=\"lazy\" decoding=\"async\" class=\"td-lazy-img\" src=\"https:\/\/www.toopautoprikolice.com\/wp-content\/uploads\/2025\/06\/20250423_123609.jpg\" data-type=\"image_tag\" data-img-url=\"https:\/\/www.toopautoprikolice.com\/wp-content\/uploads\/2025\/06\/20250423_123609.jpg\" title=\"20250423_123609\" width=\"1000\" height=\"750\" alt=\"\"><\/div><\/a><div class=\"td_block_wrap td_block_text_with_title tdi_23 tagdiv-type td-pb-border-top td_block_template_8\"  data-td-block-uid=\"tdi_23\" >\n<style>\n.td_block_template_8.widget > ul > li {\r\n                margin-left: 0 !important;\r\n            }\r\n            .td_block_template_8 .td-block-title {\r\n                font-size: 20px;\r\n                font-weight: 800;\r\n                margin-top: 0;\r\n                margin-bottom: 18px;\r\n                line-height: 29px;\r\n                position: relative;\r\n                overflow: hidden;\r\n                text-align: left;\r\n            }\r\n            .td_block_template_8 .td-block-title > * {\r\n                position: relative;\r\n                padding-right: 20px;\r\n                color: var(--td_text_header_color, #000);\r\n            }\r\n            .td_block_template_8 .td-block-title > *:before,\r\n            .td_block_template_8 .td-block-title > *:after {\r\n                content: '';\r\n                display: block;\r\n                height: 4px;\r\n                position: absolute;\r\n                top: 50%;\r\n                margin-top: -2px;\r\n                width: 2000px;\r\n                background-color: #f5f5f5;\r\n            }\r\n            .td_block_template_8 .td-block-title > *:before {\r\n                left: 100%;\r\n            }\r\n            .td_block_template_8 .td-block-title > *:after {\r\n                right: 100%;\r\n            }\r\n            @media (max-width: 767px) {\r\n                .td_block_template_8 .td-related-title a {\r\n                    font-size: 15px;\r\n                }\r\n            }\r\n            .td_block_template_8 .td-related-title a:before {\r\n                display: none;\r\n            }\r\n            .td_block_template_8 .td-related-title a:first-child:after {\r\n                display: none;\r\n            }\r\n            .td_block_template_8 .td-related-title a:last-child:after {\r\n                left: 100%;\r\n                right: auto;\r\n            }\r\n            .td_block_template_8 .td-related-title .td-cur-simple-item {\r\n                color: var(--td_theme_color, #4db2ec);\r\n            }\n<\/style>\n<style>\n\/* custom css - generated by TagDiv Composer *\/\n.tdi_23,\r\n                .tdi_23 p{\r\n\t\t\t        font-family:Raleway !important;font-size:18px !important;letter-spacing:1px !important;\r\n\t\t        }\n<\/style><div class=\"td-block-title-wrap\"><h4 class=\"td-block-title\"><span>Zaslaw 205SU <\/span><\/h4><\/div><div class=\"td_mod_wrap td-fix-index\"><p>Poljska aluminijska prikolica ZASLAW 205SU dolazi u kiper varijanti sa oja\u010danom stra\u017enjom stranicom tre\u0107im kota\u010dem i LED svjetlima. Prikolica je dimenzija 205x122x35 cm. Prikolica ima ukupnu nosivost do 750 kg, a mo\u017ee se nadograditi s ceradom i arnjevima do jedan metar visine.<\/p>\n<p>Prikolica ima godinu dana jamstva na nemehani\u010dka o\u0161te\u0107enja. Ovla\u0161teni smo zastupnici ovog poljskog brenda.<\/p>\n<\/div><\/div><div class=\"td_block_wrap td_block_title tdi_24 td-pb-border-top td_block_template_8 td-fix-index\"  data-td-block-uid=\"tdi_24\" >\n<style>\n\/* custom css - generated by TagDiv Composer *\/\nbody .tdi_24 .td-block-title{\r\n\t\t\t\t\ttext-align: left;\r\n\t\t\t\t}body .tdi_24.td_block_template_4 .td-block-title > *:before{\r\n\t\t\t\t    right: auto;\r\n\t\t\t\t    left: 10px;\r\n\t\t\t\t}body .tdi_24.td_block_template_5 .td-block-title > *{\r\n\t\t\t\t    border-width: 0 0 0 4px;\r\n\t\t\t\t}body .tdi_24.td_block_template_8 .td-block-title > *{\r\n\t\t\t\t\tpadding-left: 0;\r\n\t\t\t\t\tpadding-right: 20px;\r\n\t\t\t\t}body .tdi_24.td_block_template_9 .td-block-title:after{\r\n\t\t\t\t\tright: auto;\r\n\t\t\t\t\tleft: 0;\r\n\t\t\t\t}body .tdi_24.td_block_template_13 .td-block-subtitle{\r\n\t\t\t\t\tright: auto;\r\n\t\t\t\t\tleft: -4px;\r\n\t\t\t\t}body .tdi_24.td_block_template_17 .td-block-title:after{\r\n\t\t\t\t\tright: auto;\r\n\t\t\t\t\tleft: 15px;\r\n\t\t\t\t}body .tdi_24.td_block_template_12 .td-block-title{\r\n\t\t\t\t\tjustify-content: flex-start;\r\n\t\t\t\t}\n<\/style><div class=\"td-block-title-wrap\"><h4 class=\"td-block-title\"><span>Cijena: 1.062,50\u20ac<\/span><\/h4><\/div><\/div><\/div><\/div><div class=\"vc_column tdi_26  wpb_column vc_column_container tdc-column td-pb-span4\">\n<style scoped>\n\/* custom css - generated by TagDiv Composer *\/\n\n\/* custom css - generated by TagDiv Composer *\/\n.tdi_26{\r\n                    vertical-align: baseline;\r\n                }.tdi_26 > .wpb_wrapper,\r\n\t\t\t\t.tdi_26 > .wpb_wrapper > .tdc-elements{\r\n\t\t\t\t    display: block;\r\n\t\t\t\t}.tdi_26 > .wpb_wrapper > .tdc-elements{\r\n\t\t\t\t    width: 100%;\r\n\t\t\t\t}.tdi_26 > .wpb_wrapper > .vc_row_inner{\r\n\t\t\t\t    width: auto;\r\n\t\t\t\t}.tdi_26 > .wpb_wrapper{\r\n\t\t\t\t    width: auto;\r\n\t\t\t\t    height: auto;\r\n\t\t\t\t}\n<\/style><div class=\"wpb_wrapper\" ><a class=\"td_block_wrap tdm_block_inline_image_simplified tdi_27 td-animation-stack td-pb-border-top td_block_template_1\"  data-td-block-uid=\"tdi_27\" href=\"https:\/\/www.toopautoprikolice.com\/wp-content\/uploads\/2025\/06\/20250423_124140.jpg\">\n<style>\n\n\/* inline tdc_css att - generated by TagDiv Composer *\/\n\n.tdi_27{\nmargin-bottom:50px !important;\n}\n\n<\/style>\n<style>\n\/* custom css - generated by TagDiv Composer *\/\n.tdi_27 .tdm-ii-wrap{\r\n\t\t\t\t    width: 565px;\r\n\t\t\t\t}.tdi_27 .tdm-ii-caption{\r\n\t\t\t\t    width: @caption_width !important;\r\n\t\t\t\t}.tdi_27 img,\r\n\t\t\t\t.tdi_27 .tdm-ii-wrap:before,\r\n\t\t\t\t.tdi_27 .tdm-ii-wrap:after{\r\n\t\t\t\t    border-radius: 10px;\r\n\t\t\t\t}\n<\/style><div class=\"tdm-ii-wrap td-modal-image\"><img loading=\"lazy\" decoding=\"async\" class=\"td-lazy-img\" src=\"https:\/\/www.toopautoprikolice.com\/wp-content\/uploads\/2025\/06\/20250423_124140.jpg\" data-type=\"image_tag\" data-img-url=\"https:\/\/www.toopautoprikolice.com\/wp-content\/uploads\/2025\/06\/20250423_124140.jpg\" title=\"20250423_124140\" width=\"1000\" height=\"750\" alt=\"\"><\/div><\/a><div class=\"td_block_wrap td_block_text_with_title tdi_28 tagdiv-type td-pb-border-top td_block_template_8\"  data-td-block-uid=\"tdi_28\" >\n<style>\n\/* custom css - generated by TagDiv Composer *\/\n.tdi_28,\r\n                .tdi_28 p{\r\n\t\t\t        font-family:Raleway !important;font-size:18px !important;letter-spacing:1px !important;\r\n\t\t        }\n<\/style><div class=\"td-block-title-wrap\"><h4 class=\"td-block-title\"><span>Zaslaw 265SU<\/span><\/h4><\/div><div class=\"td_mod_wrap td-fix-index\"><p>Poljska aluminijska prikolica ZASLAW 265SU dolazi u kiper varijanti sa oja\u010danom stra\u017enjom stranicom, tre\u0107im kota\u010dem i LED svjetlima. Prikolica je dimenzija 265x132x35 cm. Ima ukupnu nosivost do 750 kg, a mo\u017ee se nadograditi s ceradom i arnjevima do jedan metar visine.<\/p>\n<p>Prikolica ima godinu dana jamstva na nemehani\u010dka o\u0161te\u0107enja. Ovla\u0161teni smo zastupnici ovog poljskog brenda.<\/p>\n<\/div><\/div><div class=\"td_block_wrap td_block_title tdi_29 td-pb-border-top td_block_template_8 td-fix-index\"  data-td-block-uid=\"tdi_29\" >\n<style>\n\/* custom css - generated by TagDiv Composer *\/\nbody .tdi_29 .td-block-title{\r\n\t\t\t\t\ttext-align: left;\r\n\t\t\t\t}body .tdi_29.td_block_template_4 .td-block-title > *:before{\r\n\t\t\t\t    right: auto;\r\n\t\t\t\t    left: 10px;\r\n\t\t\t\t}body .tdi_29.td_block_template_5 .td-block-title > *{\r\n\t\t\t\t    border-width: 0 0 0 4px;\r\n\t\t\t\t}body .tdi_29.td_block_template_8 .td-block-title > *{\r\n\t\t\t\t\tpadding-left: 0;\r\n\t\t\t\t\tpadding-right: 20px;\r\n\t\t\t\t}body .tdi_29.td_block_template_9 .td-block-title:after{\r\n\t\t\t\t\tright: auto;\r\n\t\t\t\t\tleft: 0;\r\n\t\t\t\t}body .tdi_29.td_block_template_13 .td-block-subtitle{\r\n\t\t\t\t\tright: auto;\r\n\t\t\t\t\tleft: -4px;\r\n\t\t\t\t}body .tdi_29.td_block_template_17 .td-block-title:after{\r\n\t\t\t\t\tright: auto;\r\n\t\t\t\t\tleft: 15px;\r\n\t\t\t\t}body .tdi_29.td_block_template_12 .td-block-title{\r\n\t\t\t\t\tjustify-content: flex-start;\r\n\t\t\t\t}\n<\/style><div class=\"td-block-title-wrap\"><h4 class=\"td-block-title\"><span>Cijena: 1.306,88\u20ac<\/span><\/h4><\/div><\/div><\/div><\/div><div class=\"vc_column tdi_31  wpb_column vc_column_container tdc-column td-pb-span4\">\n<style scoped>\n\/* custom css - generated by TagDiv Composer *\/\n\n\/* custom css - generated by TagDiv Composer *\/\n.tdi_31{\r\n                    vertical-align: baseline;\r\n                }.tdi_31 > .wpb_wrapper,\r\n\t\t\t\t.tdi_31 > .wpb_wrapper > .tdc-elements{\r\n\t\t\t\t    display: block;\r\n\t\t\t\t}.tdi_31 > .wpb_wrapper > .tdc-elements{\r\n\t\t\t\t    width: 100%;\r\n\t\t\t\t}.tdi_31 > .wpb_wrapper > .vc_row_inner{\r\n\t\t\t\t    width: auto;\r\n\t\t\t\t}.tdi_31 > .wpb_wrapper{\r\n\t\t\t\t    width: auto;\r\n\t\t\t\t    height: auto;\r\n\t\t\t\t}\n<\/style><div class=\"wpb_wrapper\" ><a class=\"td_block_wrap tdm_block_inline_image_simplified tdi_32 td-animation-stack td-pb-border-top td_block_template_1\"  data-td-block-uid=\"tdi_32\" href=\"https:\/\/www.toopautoprikolice.com\/wp-content\/uploads\/2025\/06\/20250423_125524.jpg\">\n<style>\n\n\/* inline tdc_css att - generated by TagDiv Composer *\/\n\n.tdi_32{\nmargin-bottom:50px !important;\n}\n\n<\/style>\n<style>\n\/* custom css - generated by TagDiv Composer *\/\n.tdi_32 .tdm-ii-wrap{\r\n\t\t\t\t    width: 565px;\r\n\t\t\t\t}.tdi_32 .tdm-ii-caption{\r\n\t\t\t\t    width: @caption_width !important;\r\n\t\t\t\t}.tdi_32 img,\r\n\t\t\t\t.tdi_32 .tdm-ii-wrap:before,\r\n\t\t\t\t.tdi_32 .tdm-ii-wrap:after{\r\n\t\t\t\t    border-radius: 10px;\r\n\t\t\t\t}\n<\/style><div class=\"tdm-ii-wrap td-modal-image\"><img loading=\"lazy\" decoding=\"async\" class=\"td-lazy-img\" src=\"https:\/\/www.toopautoprikolice.com\/wp-content\/uploads\/2025\/06\/20250423_125524.jpg\" data-type=\"image_tag\" data-img-url=\"https:\/\/www.toopautoprikolice.com\/wp-content\/uploads\/2025\/06\/20250423_125524.jpg\" title=\"20250423_125524\" width=\"1000\" height=\"750\" alt=\"\"><\/div><\/a><div class=\"td_block_wrap td_block_text_with_title tdi_33 tagdiv-type td-pb-border-top td_block_template_8\"  data-td-block-uid=\"tdi_33\" >\n<style>\n\/* custom css - generated by TagDiv Composer *\/\n.tdi_33,\r\n                .tdi_33 p{\r\n\t\t\t        font-family:Raleway !important;font-size:18px !important;letter-spacing:1px !important;\r\n\t\t        }\n<\/style><div class=\"td-block-title-wrap\"><h4 class=\"td-block-title\"><span>TEMARED MOTO 3 PREMIUM<\/span><\/h4><\/div><div class=\"td_mod_wrap td-fix-index\"><p>Poljska aluminijska prikolica TEMARED dolazi u kiper varijanti sa podnicom s \u010dak tri nosa\u010da za motocikle, navoznom rampom, tre\u0107im kota\u010dem i LED svjetlima. Jo\u0161 ne\u0161to va\u017eno za sve motoriste, upravo ovu prikolicu mo\u017eete i iznajmiti po cijeni od 30 \u20ac po danu.<\/p>\n<p>Prikolica ima godinu dana jamstva na nemehani\u010dka o\u0161te\u0107enja. Ovla\u0161teni smo zastupnici ovog poljskog brenda.<\/p>\n<\/div><\/div><div class=\"td_block_wrap td_block_title tdi_34 td-pb-border-top td_block_template_8 td-fix-index\"  data-td-block-uid=\"tdi_34\" >\n<style>\n\/* custom css - generated by TagDiv Composer *\/\nbody .tdi_34 .td-block-title{\r\n\t\t\t\t\ttext-align: left;\r\n\t\t\t\t}body .tdi_34.td_block_template_4 .td-block-title > *:before{\r\n\t\t\t\t    right: auto;\r\n\t\t\t\t    left: 10px;\r\n\t\t\t\t}body .tdi_34.td_block_template_5 .td-block-title > *{\r\n\t\t\t\t    border-width: 0 0 0 4px;\r\n\t\t\t\t}body .tdi_34.td_block_template_8 .td-block-title > *{\r\n\t\t\t\t\tpadding-left: 0;\r\n\t\t\t\t\tpadding-right: 20px;\r\n\t\t\t\t}body .tdi_34.td_block_template_9 .td-block-title:after{\r\n\t\t\t\t\tright: auto;\r\n\t\t\t\t\tleft: 0;\r\n\t\t\t\t}body .tdi_34.td_block_template_13 .td-block-subtitle{\r\n\t\t\t\t\tright: auto;\r\n\t\t\t\t\tleft: -4px;\r\n\t\t\t\t}body .tdi_34.td_block_template_17 .td-block-title:after{\r\n\t\t\t\t\tright: auto;\r\n\t\t\t\t\tleft: 15px;\r\n\t\t\t\t}body .tdi_34.td_block_template_12 .td-block-title{\r\n\t\t\t\t\tjustify-content: flex-start;\r\n\t\t\t\t}\n<\/style><div class=\"td-block-title-wrap\"><h4 class=\"td-block-title\"><span>Cijena: 1.221,88\u20ac<\/span><\/h4><\/div><\/div><\/div><\/div><\/div><\/div><\/div><\/div>","protected":false},"excerpt":{"rendered":"","protected":false},"author":1,"featured_media":0,"parent":0,"menu_order":0,"comment_status":"closed","ping_status":"closed","template":"","meta":{"footnotes":""},"class_list":["post-12","page","type-page","status-publish"],"_links":{"self":[{"href":"https:\/\/www.toopautoprikolice.com\/index.php?rest_route=\/wp\/v2\/pages\/12","targetHints":{"allow":["GET"]}}],"collection":[{"href":"https:\/\/www.toopautoprikolice.com\/index.php?rest_route=\/wp\/v2\/pages"}],"about":[{"href":"https:\/\/www.toopautoprikolice.com\/index.php?rest_route=\/wp\/v2\/types\/page"}],"author":[{"embeddable":true,"href":"https:\/\/www.toopautoprikolice.com\/index.php?rest_route=\/wp\/v2\/users\/1"}],"replies":[{"embeddable":true,"href":"https:\/\/www.toopautoprikolice.com\/index.php?rest_route=%2Fwp%2Fv2%2Fcomments&post=12"}],"version-history":[{"count":17,"href":"https:\/\/www.toopautoprikolice.com\/index.php?rest_route=\/wp\/v2\/pages\/12\/revisions"}],"predecessor-version":[{"id":52,"href":"https:\/\/www.toopautoprikolice.com\/index.php?rest_route=\/wp\/v2\/pages\/12\/revisions\/52"}],"wp:attachment":[{"href":"https:\/\/www.toopautoprikolice.com\/index.php?rest_route=%2Fwp%2Fv2%2Fmedia&parent=12"}],"curies":[{"name":"wp","href":"https:\/\/api.w.org\/{rel}","templated":true}]}}